{"id":213850,"date":"2018-07-30T18:53:31","date_gmt":"2018-07-30T16:53:31","guid":{"rendered":"https:\/\/paintballpaillart.fr\/?page_id=213850"},"modified":"2018-11-05T18:55:11","modified_gmt":"2018-11-05T17:55:11","slug":"boutique","status":"publish","type":"page","link":"https:\/\/paintballpaillart.fr\/index.php\/boutique\/","title":{"rendered":"Boutique"},"content":{"rendered":"<p>[et_pb_section fb_built=\u00a0\u00bb1&Prime; admin_label=\u00a0\u00bbsection\u00a0\u00bb _builder_version=\u00a0\u00bb3.0.47&Prime;][et_pb_row custom_padding=\u00a0\u00bb24.796875px|0px|24px|0px\u00a0\u00bb admin_label=\u00a0\u00bbrow\u00a0\u00bb _builder_version=\u00a0\u00bb3.0.47&Prime; background_size=\u00a0\u00bbinitial\u00a0\u00bb background_position=\u00a0\u00bbtop_left\u00a0\u00bb background_repeat=\u00a0\u00bbrepeat\u00a0\u00bb][et_pb_column type=\u00a0\u00bb4_4&Prime; _builder_version=\u00a0\u00bb3.0.47&Prime; parallax=\u00a0\u00bboff\u00a0\u00bb parallax_method=\u00a0\u00bbon\u00a0\u00bb][et_pb_text admin_label=\u00a0\u00bbText\u00a0\u00bb _builder_version=\u00a0\u00bb3.0.47&Prime; background_size=\u00a0\u00bbinitial\u00a0\u00bb background_position=\u00a0\u00bbtop_left\u00a0\u00bb background_repeat=\u00a0\u00bbrepeat\u00a0\u00bb]<\/p>\n<p>Boutique en ligne<\/p>\n<p>[\/et_pb_text][\/et_pb_column][\/et_pb_row][et_pb_row _builder_version=\u00a0\u00bb3.0.106&Prime;][et_pb_column type=\u00a0\u00bb4_4&Prime; _builder_version=\u00a0\u00bb3.0.106&Prime; parallax=\u00a0\u00bboff\u00a0\u00bb parallax_method=\u00a0\u00bbon\u00a0\u00bb][et_pb_text _builder_version=\u00a0\u00bb3.0.106&Prime; text_font=\u00a0\u00bb||||||||\u00a0\u00bb background_color=\u00a0\u00bb#e02b20&Prime;]<\/p>\n<h2 style=\"text-align: center;\"><strong><span style=\"color: #ffffff;\">Pour toutes commandes, nous c<\/span><span style=\"color: #ffffff;\">ontacter au 06 80 16 74 32<\/span><\/strong><\/h2>\n<p>[\/et_pb_text][\/et_pb_column][\/et_pb_row][et_pb_row _builder_version=\u00a0\u00bb3.0.106&Prime;][et_pb_column type=\u00a0\u00bb4_4&Prime; _builder_version=\u00a0\u00bb3.0.106&Prime; parallax=\u00a0\u00bboff\u00a0\u00bb parallax_method=\u00a0\u00bbon\u00a0\u00bb][et_pb_pricing_tables _builder_version=\u00a0\u00bb3.0.106&Prime; header_font=\u00a0\u00bb||||||||\u00a0\u00bb][et_pb_pricing_table title=\u00a0\u00bbToro pr\u00e9cision\u00a0\u00bb subtitle=\u00a0\u00bbCalibre 0,68&Prime; currency=\u00a0\u00bb\u20ac\u00a0\u00bb per=\u00a0\u00bb2000 billes\u00a0\u00bb sum=\u00a0\u00bb45,50&Prime; _builder_version=\u00a0\u00bb3.0.106&Prime; header_font=\u00a0\u00bb||||||||\u00a0\u00bb custom_button=\u00a0\u00bboff\u00a0\u00bb]<\/p>\n<p>La TOROBALL PRECISION est livr\u00e9e en carton de 2000 (4 sachets de 500).<\/p>\n<p>Adapt\u00e9e pour tous types de jeux et de lanceurs.<\/p>\n<p>Couleur suivant disponibilit\u00e9.<\/p>\n<p>Bille qui respecte l&rsquo;environnement<\/p>\n<p>Pour commander nous contacter au 06 80 16 74 32.<\/p>\n<p>[\/et_pb_pricing_table][et_pb_pricing_table title=\u00a0\u00bbFire life \u00a0\u00bb subtitle=\u00a0\u00bbCalibre 0,68&Prime; currency=\u00a0\u00bb\u20ac\u00a0\u00bb per=\u00a0\u00bb2000 billes\u00a0\u00bb sum=\u00a0\u00bb40,50&Prime; _builder_version=\u00a0\u00bb3.0.106&Prime;]<\/p>\n<p>2000 billes de premier choix produites pour la comp\u00e9tition. Adapt\u00e9es \u00e0 la fois pour les lanceurs m\u00e9canique et \u00e9lectronique. Pas de casse, bonne trajectoire. Livr\u00e9es en carton de 2000 (4 sachets de 500).<\/p>\n<p>Couleur : jaune<\/p>\n<p>Bille qui respecte l&rsquo;environnement<\/p>\n<p>Pour commander nous contacter au 06 80 16 74 32.\u00a0<\/p>\n<p>[\/et_pb_pricing_table][\/et_pb_pricing_tables][\/et_pb_column][\/et_pb_row][et_pb_row _builder_version=\u00a0\u00bb3.0.106&Prime;][et_pb_column type=\u00a0\u00bb1_2&Prime; _builder_version=\u00a0\u00bb3.0.106&Prime; parallax=\u00a0\u00bboff\u00a0\u00bb parallax_method=\u00a0\u00bbon\u00a0\u00bb][et_pb_image src=\u00a0\u00bbhttps:\/\/paintballpaillart.fr\/wp-content\/uploads\/2018\/07\/IMG_2870.jpg\u00a0\u00bb _builder_version=\u00a0\u00bb3.0.106&Prime;][\/et_pb_image][\/et_pb_column][et_pb_column type=\u00a0\u00bb1_2&Prime; _builder_version=\u00a0\u00bb3.0.106&Prime; parallax=\u00a0\u00bboff\u00a0\u00bb parallax_method=\u00a0\u00bbon\u00a0\u00bb][et_pb_image src=\u00a0\u00bbhttps:\/\/paintballpaillart.fr\/wp-content\/uploads\/2018\/07\/IMG_2883.jpg\u00a0\u00bb _builder_version=\u00a0\u00bb3.0.106&Prime;][\/et_pb_image][\/et_pb_column][\/et_pb_row][\/et_pb_section]<\/p>\n","protected":false},"excerpt":{"rendered":"<p>[et_pb_section fb_built=\u00a0\u00bb1&Prime; admin_label=\u00a0\u00bbsection\u00a0\u00bb _builder_version=\u00a0\u00bb3.0.47&Prime;][et_pb_row custom_padding=\u00a0\u00bb24.796875px|0px|24px|0px\u00a0\u00bb admin_label=\u00a0\u00bbrow\u00a0\u00bb _builder_version=\u00a0\u00bb3.0.47&Prime; background_size=\u00a0\u00bbinitial\u00a0\u00bb background_position=\u00a0\u00bbtop_left\u00a0\u00bb background_repeat=\u00a0\u00bbrepeat\u00a0\u00bb][et_pb_column type=\u00a0\u00bb4_4&Prime; _builder_version=\u00a0\u00bb3.0.47&Prime; parallax=\u00a0\u00bboff\u00a0\u00bb parallax_method=\u00a0\u00bbon\u00a0\u00bb][et_pb_text admin_label=\u00a0\u00bbText\u00a0\u00bb _builder_version=\u00a0\u00bb3.0.47&Prime; background_size=\u00a0\u00bbinitial\u00a0\u00bb background_position=\u00a0\u00bbtop_left\u00a0\u00bb background_repeat=\u00a0\u00bbrepeat\u00a0\u00bb] Boutique en ligne [\/et_pb_text][\/et_pb_column][\/et_pb_row][et_pb_row _builder_version=\u00a0\u00bb3.0.106&Prime;][et_pb_column type=\u00a0\u00bb4_4&Prime; _builder_version=\u00a0\u00bb3.0.106&Prime; parallax=\u00a0\u00bboff\u00a0\u00bb parallax_method=\u00a0\u00bbon\u00a0\u00bb][et_pb_text _builder_version=\u00a0\u00bb3.0.106&Prime; text_font=\u00a0\u00bb||||||||\u00a0\u00bb background_color=\u00a0\u00bb#e02b20&Prime;] Pour toutes commandes, nous contacter au 06 80 16 74 32 [\/et_pb_text][\/et_pb_column][\/et_pb_row][et_pb_row _builder_version=\u00a0\u00bb3.0.106&Prime;][et_pb_column type=\u00a0\u00bb4_4&Prime; _builder_version=\u00a0\u00bb3.0.106&Prime; parallax=\u00a0\u00bboff\u00a0\u00bb parallax_method=\u00a0\u00bbon\u00a0\u00bb][et_pb_pricing_tables _builder_version=\u00a0\u00bb3.0.106&Prime; header_font=\u00a0\u00bb||||||||\u00a0\u00bb][et_pb_pricing_table title=\u00a0\u00bbToro pr\u00e9cision\u00a0\u00bb subtitle=\u00a0\u00bbCalibre 0,68&Prime; currency=\u00a0\u00bb\u20ac\u00a0\u00bb [&hellip;]<\/p>\n","protected":false},"author":1,"featured_media":0,"parent":0,"menu_order":0,"comment_status":"closed","ping_status":"closed","template":"","meta":{"footnotes":""},"class_list":["post-213850","page","type-page","status-publish","hentry"],"_links":{"self":[{"href":"https:\/\/paintballpaillart.fr\/index.php\/wp-json\/wp\/v2\/pages\/213850","targetHints":{"allow":["GET"]}}],"collection":[{"href":"https:\/\/paintballpaillart.fr\/index.php\/wp-json\/wp\/v2\/pages"}],"about":[{"href":"https:\/\/paintballpaillart.fr\/index.php\/wp-json\/wp\/v2\/types\/page"}],"author":[{"embeddable":true,"href":"https:\/\/paintballpaillart.fr\/index.php\/wp-json\/wp\/v2\/users\/1"}],"replies":[{"embeddable":true,"href":"https:\/\/paintballpaillart.fr\/index.php\/wp-json\/wp\/v2\/comments?post=213850"}],"version-history":[{"count":17,"href":"https:\/\/paintballpaillart.fr\/index.php\/wp-json\/wp\/v2\/pages\/213850\/revisions"}],"predecessor-version":[{"id":213893,"href":"https:\/\/paintballpaillart.fr\/index.php\/wp-json\/wp\/v2\/pages\/213850\/revisions\/213893"}],"wp:attachment":[{"href":"https:\/\/paintballpaillart.fr\/index.php\/wp-json\/wp\/v2\/media?parent=213850"}],"curies":[{"name":"wp","href":"https:\/\/api.w.org\/{rel}","templated":true}]}}